{"id":996,"date":"2017-06-21T16:55:44","date_gmt":"2017-06-21T16:55:44","guid":{"rendered":"http:\/\/www.rematescar.cl\/webb\/?page_id=996"},"modified":"2025-05-27T20:33:49","modified_gmt":"2025-05-27T20:33:49","slug":"nosotros","status":"publish","type":"page","link":"https:\/\/www.rematescar.cl\/webb\/nosotros\/","title":{"rendered":"Nosotros"},"content":{"rendered":"[vc_row][vc_column width=&#8221;1\/2&#8243; css=&#8221;.vc_custom_1499381354712{margin-left: 30px !important;border-left-width: 30px !important;padding-left: 30px !important;}&#8221;][vc_column_text]<span style=\"font-family: bebas-neu; font-size: 36pt; color: #000000;\">Misi\u00f3n<\/span><\/p>\n<p><span style=\"font-family: roboto-medium;\">Procurar el desarrollo econ\u00f3mico, t\u00e9cnico, social y cultural de sus asociados, mediante\u00a0la provisi\u00f3n a\u00a0las personas naturales o jur\u00eddicas, de\u00a0servicios de\u00a0corretaje\u00a0y remate de\u00a0bienes\u00a0corporales muebles y otras\u00a0actividades comerciales relacionadas con el rubro.<\/span>[\/vc_column_text][vc_column_text]<span style=\"font-family: bebas-neu; font-size: 36pt; color: #000000;\">VISI\u00d3N<\/span><\/p>\n<p><span style=\"font-family: roboto-medium;\">Seremos una de las empresas silvo agropecuarias m\u00e1s importantes del pa\u00eds.<\/span><br \/>\n<span style=\"font-family: roboto-medium;\"> Nuestro\u00a0nombre ser\u00e1 sin\u00f3nimo de responsabilidad social hacia sus cooperados,\u00a0alto nivel de profesionalismo,\u00a0efectividad,\u00a0calidad\u00a0en los servicios y cumplimiento de los compromisos con sus clientes.\u00a0<\/span>[\/vc_column_text][vc_column_text]<span id=\"directorio\" style=\"font-size: 36pt; font-family: bebas-neu; color: #000000;\">Valores<\/span><\/p>\n<ul>\n<li><span style=\"font-family: roboto-medium;\">Cumplimiento de Compromisos<\/span><\/li>\n<li><span style=\"font-family: roboto-medium;\">Orientaci\u00f3n al Cliente<\/span><\/li>\n<li><span style=\"font-family: roboto-medium;\">Trabajo en Equipo<\/span><\/li>\n<li><span style=\"font-family: roboto-medium;\">Innovaci\u00f3n y Conocimiento<\/span><\/li>\n<li><span style=\"font-family: roboto-medium;\">Calidad y Eficiencia<\/span><\/li>\n<li><span style=\"font-family: roboto-medium;\">Austeridad<\/span><\/li>\n<li><span style=\"font-family: roboto-medium;\">Ambiente Cordial<\/span><\/li>\n<\/ul>\n[\/vc_column_text][\/vc_column][\/vc_row][vc_row][vc_column][vc_separator color=&#8221;orange&#8221; border_width=&#8221;5&#8243;][vc_column_text css=&#8221;.vc_custom_1499705028808{margin-bottom: -0.1px !important;border-bottom-width: -0.1px !important;padding-bottom: -0.1px !important;}&#8221;]\n<p style=\"text-align: center;\"><span style=\"font-size: 36pt; font-family: bebas-neu; color: #000000;\">DIRECTORIO<\/span><\/p>\n[\/vc_column_text][vc_separator color=&#8221;orange&#8221; border_width=&#8221;5&#8243; css=&#8221;.vc_custom_1499370736285{margin-top: 8px !important;border-top-width: 8px !important;padding-top: 8px !important;}&#8221;][\/vc_column][\/vc_row][vc_row][vc_column width=&#8221;1\/3&#8243;]<div class=\"team\"><div class=\"team-avatar green\"><img decoding=\"async\" src=\"http:\/\/www.rematescar.cl\/webb\/wp-content\/uploads\/2017\/07\/presidente.jpg\" alt=\"Presidente\" \/><\/div><div class=\"team-user-info\"><h4 class=\"team-title\">Presidente<\/h4><div class=\"team-job\">Guillermo Mart\u00ednez Labb\u00e9<\/div><\/div><div class=\"team-content\"><span style=\"font-family: roboto-medium;\">Presidente<\/span><\/div><div class=\"team-socials\"><\/div><\/div>[\/vc_column][vc_column width=&#8221;1\/3&#8243;]<div class=\"team\"><div class=\"team-avatar green\"><img decoding=\"async\" src=\"http:\/\/www.rematescar.cl\/webb\/wp-content\/uploads\/2017\/07\/5eduardo.png\" alt=\"Eduardo Lynch Gaete\" \/><\/div><div class=\"team-user-info\"><h4 class=\"team-title\">Eduardo Lynch Gaete<\/h4><div class=\"team-job\">Eduardo Lynch Gaete<\/div><\/div><div class=\"team-content\"><span style=\"font-family: roboto-medium;\">Vicepresidente<br \/>\n<\/span><\/div><div class=\"team-socials\"><\/div><\/div>[\/vc_column][vc_column width=&#8221;1\/3&#8243;]<div class=\"team\"><div class=\"team-avatar green\"><img decoding=\"async\" src=\"http:\/\/www.rematescar.cl\/webb\/wp-content\/uploads\/2017\/07\/3alfredo.png\" alt=\"Alfredo Schmidt Vivanco\" \/><\/div><div class=\"team-user-info\"><h4 class=\"team-title\">Alfredo Schmidt Vivanco<\/h4><div class=\"team-job\">Alfredo Schmidt Vivanco<\/div><\/div><div class=\"team-content\"><span style=\"font-family: roboto-medium;\">Secretario<\/span><\/div><div class=\"team-socials\"><\/div><\/div>[\/vc_column][\/vc_row][vc_row][vc_column width=&#8221;1\/4&#8243;]<div class=\"team\"><div class=\"team-avatar green\"><img decoding=\"async\" src=\"http:\/\/www.rematescar.cl\/webb\/wp-content\/uploads\/2017\/07\/4angel.png\" alt=\"Angel Fuentealba Ruiz\" \/><\/div><div class=\"team-user-info\"><h4 class=\"team-title\">Angel Fuentealba Ruiz<\/h4><div class=\"team-job\">Angel Fuentealba Ruiz<\/div><\/div><div class=\"team-content\"><span id=\"organigrama\" style=\"font-family: roboto-medium;\">Director<\/span><\/div><div class=\"team-socials\"><\/div><\/div>[\/vc_column][vc_column width=&#8221;1\/4&#8243;]<div class=\"team\"><div class=\"team-avatar green\"><img decoding=\"async\" src=\"http:\/\/www.rematescar.cl\/webb\/wp-content\/uploads\/2017\/07\/6tomas.png\" alt=\"Tomas Troncoso Castillo\" \/><\/div><div class=\"team-user-info\"><h4 class=\"team-title\">Tomas Troncoso Castillo<\/h4><div class=\"team-job\">Tomas Troncoso Castillo<\/div><\/div><div class=\"team-content\"><span style=\"font-family: roboto-medium;\">Director<\/span><\/div><div class=\"team-socials\"><\/div><\/div>[\/vc_column][vc_column width=&#8221;1\/4&#8243;]<div class=\"team\"><div class=\"team-avatar green\"><img decoding=\"async\" src=\"http:\/\/www.rematescar.cl\/webb\/wp-content\/uploads\/2023\/05\/Miguel-Bravo-Bravo.jpg\" alt=\"Miguel Bravo Bravo\" \/><\/div><div class=\"team-user-info\"><h4 class=\"team-title\">Miguel Bravo Bravo<\/h4><div class=\"team-job\">Miguel Bravo Bravo<\/div><\/div><div class=\"team-content\"><span style=\"font-family: roboto-medium;\">Director<\/span><\/div><div class=\"team-socials\"><\/div><\/div>[\/vc_column][vc_column width=&#8221;1\/4&#8243;]<div class=\"team\"><div class=\"team-avatar green\"><img decoding=\"async\" src=\"http:\/\/www.rematescar.cl\/webb\/wp-content\/uploads\/2023\/05\/Carlos-Lagos-Nu\u00f1ez.jpg\" alt=\"Carlos Lagos Nu\u00f1ez\" \/><\/div><div class=\"team-user-info\"><h4 class=\"team-title\">Carlos Lagos Nu\u00f1ez<\/h4><div class=\"team-job\">Carlos Lagos Nu\u00f1ez<\/div><\/div><div class=\"team-content\"><span style=\"font-family: roboto-medium;\">Director<\/span><\/div><div class=\"team-socials\"><\/div><\/div>[\/vc_column][\/vc_row][vc_row][vc_column][vc_separator color=&#8221;orange&#8221; border_width=&#8221;5&#8243;][vc_column_text css=&#8221;.vc_custom_1685642060110{margin-bottom: -0.1px !important;border-bottom-width: -0.1px !important;padding-bottom: -0.1px !important;}&#8221;]\n<p style=\"text-align: center;\"><span style=\"font-size: 36pt; font-family: bebas-neu; color: #000000;\">\u00a0<\/span><\/p>\n<p style=\"text-align: center;\"><span style=\"font-size: 36pt; font-family: bebas-neu; color: #000000;\"><img loading=\"lazy\" decoding=\"async\" class=\"alignnone wp-image-2208 size-medium\" src=\"http:\/\/www.rematescar.cl\/webb\/wp-content\/uploads\/2017\/06\/Naim-yeber-garcia-294x300.jpg\" alt=\"\" width=\"294\" height=\"300\" srcset=\"https:\/\/www.rematescar.cl\/webb\/wp-content\/uploads\/2017\/06\/Naim-yeber-garcia-294x300.jpg 294w, https:\/\/www.rematescar.cl\/webb\/wp-content\/uploads\/2017\/06\/Naim-yeber-garcia.jpg 312w\" sizes=\"(max-width: 294px) 100vw, 294px\" \/> \u00a0 \u00a0 \u00a0 \u00a0 \u00a0 <img loading=\"lazy\" decoding=\"async\" class=\"alignnone wp-image-2210 \" src=\"http:\/\/www.rematescar.cl\/webb\/wp-content\/uploads\/2017\/06\/Luis-Labrin-Irribarra-1-300x283.jpg\" alt=\"\" width=\"315\" height=\"297\" srcset=\"https:\/\/www.rematescar.cl\/webb\/wp-content\/uploads\/2017\/06\/Luis-Labrin-Irribarra-1-300x283.jpg 300w, https:\/\/www.rematescar.cl\/webb\/wp-content\/uploads\/2017\/06\/Luis-Labrin-Irribarra-1.jpg 483w\" sizes=\"(max-width: 315px) 100vw, 315px\" \/><br \/>\n<\/span><\/p>\n<p style=\"text-align: center;\"><span style=\"font-size: 18pt; font-family: bebas-neu; color: #000000;\">naim yeber garc\u00edA\u00a0\u00a0\u00a0\u00a0\u00a0 \u00a0 \u00a0 \u00a0\u00a0 \u00a0 \u00a0\u00a0 \u00a0 \u00a0 \u00a0 \u00a0\u00a0\u00a0\u00a0\u00a0\u00a0\u00a0\u00a0\u00a0\u00a0\u00a0\u00a0\u00a0\u00a0\u00a0\u00a0\u00a0\u00a0 Luis Labrin irribarra<br \/>\n<\/span><\/p>\n<p style=\"text-align: center;\">Subgerente Comercial\u00a0\u00a0\u00a0\u00a0\u00a0\u00a0 \u00a0 \u00a0\u00a0 \u00a0 \u00a0 \u00a0 \u00a0 \u00a0 \u00a0 \u00a0 \u00a0 \u00a0 \u00a0 \u00a0 Subgerente de Adm.y Finanzas<\/p>\n<p style=\"text-align: center;\"><span style=\"font-size: 18pt; font-family: bebas-neu; color: #000000;\">\u00a0<\/span><\/p>\n[\/vc_column_text][vc_separator color=&#8221;orange&#8221; border_width=&#8221;5&#8243; css=&#8221;.vc_custom_1499370736285{margin-top: 8px !important;border-top-width: 8px !important;padding-top: 8px !important;}&#8221;][vc_column_text css=&#8221;.vc_custom_1592535338543{margin-bottom: -0.1px !important;border-bottom-width: -0.1px !important;padding-bottom: -0.1px !important;}&#8221;][\/vc_column_text][vc_separator color=&#8221;orange&#8221; border_width=&#8221;5&#8243; css=&#8221;.vc_custom_1499370736285{margin-top: 8px !important;border-top-width: 8px !important;padding-top: 8px !important;}&#8221;][vc_column_text css=&#8221;.vc_custom_1499370896166{margin-bottom: -0.1px !important;border-bottom-width: -0.1px !important;padding-bottom: -0.1px !important;}&#8221;]\n<p style=\"text-align: center;\"><span style=\"font-size: 36pt; font-family: bebas-neu; color: #000000;\">ORGANIGRAMA<\/span><\/p>\n[\/vc_column_text][vc_separator color=&#8221;orange&#8221; border_width=&#8221;5&#8243; css=&#8221;.vc_custom_1499370736285{margin-top: 8px !important;border-top-width: 8px !important;padding-top: 8px !important;}&#8221;][\/vc_column][\/vc_row][vc_row][vc_column][vc_single_image image=&#8221;2109&#8243; img_size=&#8221;full&#8221; alignment=&#8221;center&#8221;][\/vc_column][\/vc_row][vc_row][vc_column][vc_separator color=&#8221;orange&#8221; border_width=&#8221;5&#8243;][vc_column_text css=&#8221;.vc_custom_1748377894580{margin-bottom: -0.1px !important;border-bottom-width: -0.1px !important;padding-bottom: -0.1px !important;}&#8221;]\n<p id=\"memorias\" style=\"text-align: center;\"><span style=\"font-size: 36pt; font-family: bebas-neu; color: #000000;\">MEMORIAS<\/span><\/p>\n[\/vc_column_text][vc_separator color=&#8221;orange&#8221; border_width=&#8221;5&#8243; css=&#8221;.vc_custom_1542376504257{margin-top: 8px !important;border-top-width: 8px !important;padding-top: 8px !important;}&#8221;][vc_column_text]<img loading=\"lazy\" decoding=\"async\" class=\"aligncenter wp-image-2528 size-full\" src=\"https:\/\/www.rematescar.cl\/webb\/wp-content\/uploads\/2025\/05\/portadaemoria2024.jpg\" alt=\"\" width=\"171\" height=\"208\" \/>[\/vc_column_text][vc_column_text]\n<p style=\"text-align: center;\"><a href=\"http:\/\/www.rematescar.cl\/web1\/contenido\/imagenes\/MEMORIA2024.pdf\" target=\"_blank\" rel=\"noopener\">Ver Memoria 2024<\/a><\/p>\n[\/vc_column_text][vc_column_text]<img loading=\"lazy\" decoding=\"async\" class=\"wp-image-2447 aligncenter\" src=\"https:\/\/www.rematescar.cl\/webb\/wp-content\/uploads\/2024\/06\/portadaM2023-300x263.jpg\" alt=\"\" width=\"171\" height=\"150\" srcset=\"https:\/\/www.rematescar.cl\/webb\/wp-content\/uploads\/2024\/06\/portadaM2023-300x263.jpg 300w, https:\/\/www.rematescar.cl\/webb\/wp-content\/uploads\/2024\/06\/portadaM2023.jpg 468w\" sizes=\"(max-width: 171px) 100vw, 171px\" \/>[\/vc_column_text][vc_column_text]\n<p style=\"text-align: center;\"><a href=\"http:\/\/www.rematescar.cl\/web1\/contenido\/imagenes\/MEMORIA-CAR-WEB-2023.pdf\" target=\"_blank\" rel=\"noopener\">Ver Memoria 2023<\/a><\/p>\n[\/vc_column_text][vc_column_text]\n<p><img loading=\"lazy\" decoding=\"async\" class=\" wp-image-2216 aligncenter\" src=\"http:\/\/www.rematescar.cl\/webb\/wp-content\/uploads\/2017\/06\/portadamemoria2023-300x279.jpg\" alt=\"\" width=\"165\" height=\"153\" srcset=\"https:\/\/www.rematescar.cl\/webb\/wp-content\/uploads\/2017\/06\/portadamemoria2023-300x279.jpg 300w, https:\/\/www.rematescar.cl\/webb\/wp-content\/uploads\/2017\/06\/portadamemoria2023.jpg 557w\" sizes=\"(max-width: 165px) 100vw, 165px\" \/>[\/vc_column_text][vc_column_text]\n<p style=\"text-align: center;\"><a href=\"http:\/\/www.rematescar.cl\/web1\/contenido\/imagenes\/MEMORIACAR2022.pdf\" target=\"_blank\" rel=\"noopener\">Ver Memoria 2022<\/a><\/p>\n[\/vc_column_text][vc_column_text]\n<p style=\"text-align: center;\"><img loading=\"lazy\" decoding=\"async\" class=\"aligncenter size-full wp-image-2064\" src=\"http:\/\/www.rematescar.cl\/webb\/wp-content\/uploads\/2017\/06\/fotomemo2021.jpg\" alt=\"\" width=\"151\" height=\"151\" srcset=\"https:\/\/www.rematescar.cl\/webb\/wp-content\/uploads\/2017\/06\/fotomemo2021.jpg 151w, https:\/\/www.rematescar.cl\/webb\/wp-content\/uploads\/2017\/06\/fotomemo2021-150x150.jpg 150w\" sizes=\"(max-width: 151px) 100vw, 151px\" \/><\/p>\n[\/vc_column_text][vc_column_text]\n<p style=\"text-align: center;\"><a href=\"http:\/\/www.rematescar.cl\/web1\/contenido\/imagenes\/MEMORIACAR2021web.pdf\" target=\"_blank\" rel=\"noopener\">Ver Memoria 2021<\/a><\/p>\n[\/vc_column_text][vc_column_text]<a href=\"http:\/\/www.rematescar.cl\/web1\/contenido\/imagenes\/MEMORIA%20CAR%202020.pdf\"><img loading=\"lazy\" decoding=\"async\" class=\"wp-image-2060 size-full aligncenter\" src=\"http:\/\/www.rematescar.cl\/webb\/wp-content\/uploads\/2017\/06\/preview-memoria2020.jpg\" alt=\"\" width=\"150\" height=\"151\" \/><\/a>[\/vc_column_text][vc_column_text]\n<p style=\"text-align: center;\"><a href=\"http:\/\/www.rematescar.cl\/web1\/contenido\/imagenes\/MEMORIA%20CAR%202020.pdf\" target=\"_blank\" rel=\"noopener\">Ver Memoria 2020<\/a><\/p>\n[\/vc_column_text][vc_single_image image=&#8221;1843&#8243; alignment=&#8221;center&#8221; onclick=&#8221;custom_link&#8221; img_link_target=&#8221;_blank&#8221; link=&#8221;http:\/\/www.rematescar.cl\/web1\/contenido\/imagenes\/MEMORIA%20CAR%202018.pdf&#8221;][vc_column_text]\n<p style=\"text-align: center;\"><a href=\"http:\/\/www.rematescar.cl\/web1\/contenido\/imagenes\/MEMORIA%20CAR%202018.pdf\" target=\"_blank\" rel=\"noopener\">Ver Memoria 2018<\/a><\/p>\n[\/vc_column_text][\/vc_column][\/vc_row][vc_row][vc_column width=&#8221;2\/2&#8243;][vc_single_image image=&#8221;1723&#8243; alignment=&#8221;center&#8221;][vc_column_text]\n<p style=\"text-align: center;\"><a href=\"http:\/\/www.rematescar.cl\/web1\/contenido\/imagenes\/MEMORIA%20FINAL%20CAR%202017.pdf\">Ver Memoria 2017<\/a><\/p>\n[\/vc_column_text][vc_single_image image=&#8221;1039&#8243; add_caption=&#8221;yes&#8221; alignment=&#8221;center&#8221; onclick=&#8221;custom_link&#8221; link=&#8221;http:\/\/www.rematescar.cl\/web1\/contenido\/imagenes\/MEMORIA%20FINAL%20CAR%202016.pdf&#8221;][vc_column_text]\n<p style=\"text-align: center;\"><a href=\"http:\/\/www.rematescar.cl\/web1\/contenido\/imagenes\/MEMORIA%20FINAL%20CAR%202016.pdf\">Ver Memoria 2016<\/a><\/p>\n[\/vc_column_text][vc_single_image image=&#8221;1038&#8243; alignment=&#8221;center&#8221; onclick=&#8221;custom_link&#8221; link=&#8221;http:\/\/www.rematescar.cl\/web1\/contenido\/imagenes\/CAR%20MEMORIA%202015.pdf&#8221;][vc_column_text]\n<p style=\"text-align: center;\"><a href=\"http:\/\/www.rematescar.cl\/web1\/contenido\/imagenes\/CAR%20MEMORIA%202015.pdf\">Ver Memoria 2015<\/a><\/p>\n[\/vc_column_text][vc_single_image image=&#8221;1037&#8243; alignment=&#8221;center&#8221; onclick=&#8221;custom_link&#8221; link=&#8221;http:\/\/www.rematescar.cl\/web1\/contenido\/imagenes\/MEMORIA%20CAR%202014%20FINAL.pdf&#8221;][vc_column_text]\n<p style=\"text-align: center;\"><a href=\"http:\/\/www.rematescar.cl\/web1\/contenido\/imagenes\/MEMORIA%20CAR%202014%20FINAL.pdf\">Ver Memoria 2014<\/a><\/p>\n[\/vc_column_text][\/vc_column][\/vc_row]\n","protected":false},"excerpt":{"rendered":"<p>[vc_row][vc_column width=&#8221;1\/2&#8243; css=&#8221;.vc_custom_1499381354712{margin-left: 30px !important;border-left-width: 30px !important;padding-left: 30px !important;}&#8221;][vc_column_text]Misi\u00f3n Procurar el desarrollo econ\u00f3mico, t\u00e9cnico, social y cultural de sus asociados, mediante\u00a0la provisi\u00f3n a\u00a0las personas naturales o jur\u00eddicas, de\u00a0servicios de\u00a0corretaje\u00a0y remate de\u00a0bienes\u00a0corporales muebles y otras\u00a0actividades comerciales relacionadas con el rubro.[\/vc_column_text][vc_column_text]VISI\u00d3N Seremos una de las empresas silvo agropecuarias m\u00e1s importantes del pa\u00eds. Nuestro\u00a0nombre ser\u00e1 sin\u00f3nimo de responsabilidad [&hellip;]<\/p>\n","protected":false},"author":1,"featured_media":0,"parent":0,"menu_order":0,"comment_status":"closed","ping_status":"closed","template":"","meta":{"footnotes":""},"_links":{"self":[{"href":"https:\/\/www.rematescar.cl\/webb\/wp-json\/wp\/v2\/pages\/996"}],"collection":[{"href":"https:\/\/www.rematescar.cl\/webb\/wp-json\/wp\/v2\/pages"}],"about":[{"href":"https:\/\/www.rematescar.cl\/webb\/wp-json\/wp\/v2\/types\/page"}],"author":[{"embeddable":true,"href":"https:\/\/www.rematescar.cl\/webb\/wp-json\/wp\/v2\/users\/1"}],"replies":[{"embeddable":true,"href":"https:\/\/www.rematescar.cl\/webb\/wp-json\/wp\/v2\/comments?post=996"}],"version-history":[{"count":143,"href":"https:\/\/www.rematescar.cl\/webb\/wp-json\/wp\/v2\/pages\/996\/revisions"}],"predecessor-version":[{"id":2532,"href":"https:\/\/www.rematescar.cl\/webb\/wp-json\/wp\/v2\/pages\/996\/revisions\/2532"}],"wp:attachment":[{"href":"https:\/\/www.rematescar.cl\/webb\/wp-json\/wp\/v2\/media?parent=996"}],"curies":[{"name":"wp","href":"https:\/\/api.w.org\/{rel}","templated":true}]}}