{"id":1247,"date":"2017-07-04T16:20:55","date_gmt":"2017-07-04T16:20:55","guid":{"rendered":"http:\/\/www.rematescar.cl\/webb\/?page_id=1247"},"modified":"2025-05-14T17:34:30","modified_gmt":"2025-05-14T17:34:30","slug":"car-inmobiliaria","status":"publish","type":"page","link":"https:\/\/www.rematescar.cl\/webb\/car-inmobiliaria\/","title":{"rendered":"PROYECTO INMOBILIARIO CAR"},"content":{"rendered":"[vc_row 0=&#8221;&#8221;][vc_column 0=&#8221;&#8221;][rev_slider_vc alias=&#8221;inmobiliartia&#8221;][\/vc_column][\/vc_row][vc_row content_placement=&#8221;middle&#8221; css=&#8221;.vc_custom_1499206343879{margin-left: 50px !important;border-left-width: 50px !important;padding-left: 50px !important;}&#8221;][vc_column 0=&#8221;&#8221;][vc_gallery type=&#8221;image_grid&#8221; images=&#8221;1637,1639,1640,1638,1756,1753&#8243; css=&#8221;.vc_custom_1680187004967{margin-left: 80px !important;border-left-width: 80px !important;padding-left: 80px !important;}&#8221;][\/vc_column][\/vc_row][vc_row 0=&#8221;&#8221;][vc_column width=&#8221;1\/2&#8243; css=&#8221;.vc_custom_1499719626261{margin-right: -30px !important;margin-left: 30px !important;border-right-width: -30px !important;border-left-width: 30px !important;padding-right: -30px !important;padding-left: 30px !important;}&#8221;][vc_column_text 0=&#8221;&#8221;]<span style=\"font-family: bebas; font-size: 24pt;\">PROYECTO InmobiliariO CAR<br \/>\n<\/span><\/p>\n<h5><span style=\"color: #000000;\"><span style=\"font-family: Arial,Helvetica,sans-serif; font-size: 10pt;\">Para nuestra Cooperativa es un gran logro dar inicio a un nuevo <\/span><span style=\"font-family: Arial,Helvetica,sans-serif; font-size: 10pt;\">rubro, totalmente diferente al habitual como es feria, lo que nos <\/span><span style=\"font-family: Arial,Helvetica,sans-serif; font-size: 10pt;\">permitir\u00e1 diversificar nuestras actividades comerciales. <\/span><span style=\"font-family: Arial,Helvetica,sans-serif; font-size: 10pt;\">A pesar de las turbulencias de la econom\u00eda y el pesimismo <\/span><span style=\"font-family: Arial,Helvetica,sans-serif; font-size: 10pt;\">reinante, nuestra Cooperativa conf\u00eda en el potencial de <\/span><span style=\"font-family: Arial,Helvetica,sans-serif; font-size: 10pt;\">desarrollo de nuestra ciudad y con este Proyecto queremos <\/span><span style=\"font-family: Arial,Helvetica,sans-serif; font-size: 10pt;\">aportar al desarrollo urban\u00edstico de la futura capital regional.\u00a0 <\/span><\/span><\/h5>\n<h5><span style=\"color: #000000;\"><span style=\"font-family: Arial,Helvetica,sans-serif; font-size: 10pt;\">El d\u00eda 09 de Enero de 2017, fue un d\u00eda muy significativo y especial para nuestra Cooperativa CAR \u00d1uble, se concret\u00f3 la colocaci\u00f3n de la primera piedra a nuestro proyecto denominado \u201cEdificio Independencia\u201d, que consiste en la construcci\u00f3n de m\u00e1s de 800 metros cuadrados, donde se emplazar\u00e1 un edificio de cuatro pisos con ascensor, escala, ba\u00f1o p\u00fablico con acceso universal, estacionamientos, oficina de recepci\u00f3n y conserjer\u00eda. El proyecto contar\u00e1 con 22 oficinas, cada una con ba\u00f1o privado, ventanas de termo panel, piso porcelanato, cielo americano, iluminaci\u00f3n embutida, instalaci\u00f3n de corrientes d\u00e9biles (internet, telefon\u00eda, etc.) <\/span><\/span><\/h5>\n<h5><span style=\"color: #000000;\"><span style=\"font-family: Arial,Helvetica,sans-serif; font-size: 10pt;\">Este Edificio, se encuentra ubicado en la intersecci\u00f3n de las calles Itata con Independencia en la comuna de Chill\u00e1n y ser\u00e1 destinado a la generaci\u00f3n de rentas de arrendamiento. .<\/span><\/span><\/h5>\n<h5><span style=\"color: #000000;\"><span style=\"font-family: Arial,Helvetica,sans-serif; font-size: 10pt;\">Esta obra significar\u00e1 una inversi\u00f3n por sobre los 600 millones, y ser\u00e1 ejecutada por profesionales de la zona, liderado por el arquitecto Sr. Alejandro Parada Fern\u00e1ndez. Esperamos el primer trimestre del presente a\u00f1o 2018 estar inaugurando nuestro Edificio.<\/span><span style=\"font-family: Arial,Helvetica,sans-serif; font-size: 10pt;\"><br \/>\n<\/span><\/span><\/h5>\n<h5><span style=\"color: #000000;\"><span style=\"font-family: Arial,Helvetica,sans-serif; font-size: 10pt;\">Estos grandes proyectos, los hemos logrado gracias a la <\/span><span style=\"font-family: Arial,Helvetica,sans-serif; font-size: 10pt;\">confianza de nuestros socios y al apoyo constante del Consejo <\/span><span style=\"font-family: Arial,Helvetica,sans-serif; font-size: 10pt;\">de Administraci\u00f3n.<\/span><\/span><\/h5>\n<p><span style=\"font-family: roboto-medium;\">\u00a0<\/span>[\/vc_column_text][\/vc_column][vc_column width=&#8221;1\/2&#8243; css=&#8221;.vc_custom_1499719680644{margin-right: 30px !important;margin-left: 20px !important;border-right-width: 30px !important;border-left-width: 20px !important;padding-right: 30px !important;padding-left: 20px !important;}&#8221;]<div role=\"form\" class=\"wpcf7\" id=\"wpcf7-f1261-o1\" lang=\"es-ES\" dir=\"ltr\">\n<div class=\"screen-reader-response\"><\/div>\n<form action=\"\/webb\/wp-json\/wp\/v2\/pages\/1247#wpcf7-f1261-o1\" method=\"post\" class=\"wpcf7-form\" novalidate=\"novalidate\">\n<div style=\"display: none;\">\n<input type=\"hidden\" name=\"_wpcf7\" value=\"1261\" \/>\n<input type=\"hidden\" name=\"_wpcf7_version\" value=\"4.8\" \/>\n<input type=\"hidden\" name=\"_wpcf7_locale\" value=\"es_ES\" \/>\n<input type=\"hidden\" name=\"_wpcf7_unit_tag\" value=\"wpcf7-f1261-o1\" \/>\n<input type=\"hidden\" name=\"_wpcf7_container_post\" value=\"0\" \/>\n<input type=\"hidden\" name=\"_wpcf7_nonce\" value=\"37a1edc354\" \/>\n<\/div>\n<p><label> Nombre (requerido)<br \/>\n    <span class=\"wpcf7-form-control-wrap your-name\"><input type=\"text\" name=\"your-name\" value=\"\" size=\"40\" class=\"wpcf7-form-control wpcf7-text wpcf7-validates-as-required\" aria-required=\"true\" aria-invalid=\"false\" \/><\/span> <\/label><\/p>\n<p><label> Tu correo electr\u00f3nico (requerido)<br \/>\n    <span class=\"wpcf7-form-control-wrap your-email\"><input type=\"email\" name=\"your-email\" value=\"\" size=\"40\" class=\"wpcf7-form-control wpcf7-text wpcf7-email wpcf7-validates-as-required wpcf7-validates-as-email\" aria-required=\"true\" aria-invalid=\"false\" \/><\/span> <\/label><\/p>\n<p><label> Asunto<br \/>\n    <span class=\"wpcf7-form-control-wrap your-subject\"><input type=\"text\" name=\"your-subject\" value=\"\" size=\"40\" class=\"wpcf7-form-control wpcf7-text\" aria-invalid=\"false\" \/><\/span> <\/label><\/p>\n<p><label> Mensaje<br \/>\n    <span class=\"wpcf7-form-control-wrap your-message\"><textarea name=\"your-message\" cols=\"40\" rows=\"10\" class=\"wpcf7-form-control wpcf7-textarea\" aria-invalid=\"false\"><\/textarea><\/span> <\/label><\/p>\n<p><input type=\"submit\" value=\"Enviar\" class=\"wpcf7-form-control wpcf7-submit\" \/><\/p>\n<input type='hidden' class='wpcf7-pum' value='{\"closepopup\":false,\"closedelay\":0,\"openpopup\":false,\"openpopup_id\":0}' \/><div class=\"wpcf7-response-output wpcf7-display-none\"><\/div><\/form><\/div>[\/vc_column][\/vc_row]\n","protected":false},"excerpt":{"rendered":"<p>[vc_row 0=&#8221;&#8221;][vc_column 0=&#8221;&#8221;][rev_slider_vc alias=&#8221;inmobiliartia&#8221;][\/vc_column][\/vc_row][vc_row content_placement=&#8221;middle&#8221; css=&#8221;.vc_custom_1499206343879{margin-left: 50px !important;border-left-width: 50px !important;padding-left: 50px !important;}&#8221;][vc_column 0=&#8221;&#8221;][vc_gallery type=&#8221;image_grid&#8221; images=&#8221;1637,1639,1640,1638,1756,1753&#8243; css=&#8221;.vc_custom_1680187004967{margin-left: 80px !important;border-left-width: 80px !important;padding-left: 80px !important;}&#8221;][\/vc_column][\/vc_row][vc_row 0=&#8221;&#8221;][vc_column width=&#8221;1\/2&#8243; css=&#8221;.vc_custom_1499719626261{margin-right: -30px !important;margin-left: 30px !important;border-right-width: -30px !important;border-left-width: 30px !important;padding-right: -30px !important;padding-left: 30px !important;}&#8221;][vc_column_text 0=&#8221;&#8221;]PROYECTO InmobiliariO CAR Para nuestra Cooperativa es un gran logro dar inicio a un nuevo rubro, totalmente diferente [&hellip;]<\/p>\n","protected":false},"author":1,"featured_media":0,"parent":0,"menu_order":0,"comment_status":"closed","ping_status":"closed","template":"","meta":{"footnotes":""},"_links":{"self":[{"href":"https:\/\/www.rematescar.cl\/webb\/wp-json\/wp\/v2\/pages\/1247"}],"collection":[{"href":"https:\/\/www.rematescar.cl\/webb\/wp-json\/wp\/v2\/pages"}],"about":[{"href":"https:\/\/www.rematescar.cl\/webb\/wp-json\/wp\/v2\/types\/page"}],"author":[{"embeddable":true,"href":"https:\/\/www.rematescar.cl\/webb\/wp-json\/wp\/v2\/users\/1"}],"replies":[{"embeddable":true,"href":"https:\/\/www.rematescar.cl\/webb\/wp-json\/wp\/v2\/comments?post=1247"}],"version-history":[{"count":37,"href":"https:\/\/www.rematescar.cl\/webb\/wp-json\/wp\/v2\/pages\/1247\/revisions"}],"predecessor-version":[{"id":2521,"href":"https:\/\/www.rematescar.cl\/webb\/wp-json\/wp\/v2\/pages\/1247\/revisions\/2521"}],"wp:attachment":[{"href":"https:\/\/www.rematescar.cl\/webb\/wp-json\/wp\/v2\/media?parent=1247"}],"curies":[{"name":"wp","href":"https:\/\/api.w.org\/{rel}","templated":true}]}}