{"id":1187,"date":"2017-06-26T22:06:06","date_gmt":"2017-06-26T22:06:06","guid":{"rendered":"http:\/\/www.rematescar.cl\/webb\/?page_id=1187"},"modified":"2026-04-14T15:42:25","modified_gmt":"2026-04-14T15:42:25","slug":"beneficios","status":"publish","type":"page","link":"https:\/\/www.rematescar.cl\/webb\/beneficios\/","title":{"rendered":"BENEFICIOS PARA LOS SOCIOS"},"content":{"rendered":"[vc_row css=&#8221;.vc_custom_1499379073932{margin-left: 30px !important;border-left-width: 30px !important;padding-left: 30px !important;}&#8221;][vc_column 0=&#8221;&#8221;][vc_column_text 0=&#8221;&#8221;]\n<p style=\"text-align: left;\"><span style=\"font-family: bebas-neu; font-size: 18pt; color: #ff0000;\"><img loading=\"lazy\" decoding=\"async\" class=\"size-medium wp-image-1354 alignleft\" src=\"http:\/\/www.rematescar.cl\/webb\/wp-content\/uploads\/2017\/06\/Pag-36-Seguro-Oncol\u00f3gico-300x252.png\" alt=\"\" width=\"300\" height=\"252\" srcset=\"https:\/\/www.rematescar.cl\/webb\/wp-content\/uploads\/2017\/06\/Pag-36-Seguro-Oncol\u00f3gico-300x252.png 300w, https:\/\/www.rematescar.cl\/webb\/wp-content\/uploads\/2017\/06\/Pag-36-Seguro-Oncol\u00f3gico.png 650w, https:\/\/www.rematescar.cl\/webb\/wp-content\/uploads\/2017\/06\/Pag-36-Seguro-Oncol\u00f3gico-300x252@2x.png 600w\" sizes=\"(max-width: 300px) 100vw, 300px\" \/><\/span><\/p>\n<p>&nbsp;<\/p>\n<p style=\"text-align: left;\"><span style=\"font-family: bebas-neu; font-size: 18pt; color: #008000;\">Seguro Oncol\u00f3gico para Socios en Fundaci\u00f3n Arturo L\u00f3pez P\u00e9rez<\/span><\/p>\n<p style=\"text-align: left;\"><span style=\"font-family: roboto-medium;\">La Cooperativa entrega gratuitamente al cooperado y su c\u00f3nyuge<\/span><br \/>\n<span style=\"font-family: roboto-medium;\">el pago de la prima de un seguro oncol\u00f3gico, consistente en la<\/span><br \/>\n<span style=\"font-family: roboto-medium;\">cobertura del 100% del copago no cubierto por el sistema de la<\/span><br \/>\n<span style=\"font-family: roboto-medium;\">salud del socio. Es primordial para su ingreso que el solicitante no<\/span><br \/>\n<span style=\"font-family: roboto-medium;\">debe presentar pre-existencias y estar afiliado a un sistema de salud<\/span><br \/>\n<span style=\"font-family: roboto-medium;\">(Fonosa o Isapre).<\/span><\/p>\n[\/vc_column_text][\/vc_column][\/vc_row][vc_row css=&#8221;.vc_custom_1499378971903{margin-left: 30px !important;border-left-width: 30px !important;padding-left: 30px !important;}&#8221;][vc_column 0=&#8221;&#8221;][\/vc_column][\/vc_row][vc_row css=&#8221;.vc_custom_1499379086272{margin-left: 30px !important;border-left-width: 30px !important;padding-left: 30px !important;}&#8221;][vc_column 0=&#8221;&#8221;][vc_column_text 0=&#8221;&#8221;]\n<p style=\"text-align: left;\"><span style=\"font-family: bebas-neu; font-size: 18pt; color: #008000;\"><img loading=\"lazy\" decoding=\"async\" class=\" wp-image-2591 alignleft\" src=\"https:\/\/www.rematescar.cl\/webb\/wp-content\/uploads\/2026\/04\/inmunomedica1-1.jpg\" alt=\"\" width=\"305\" height=\"158\" \/>Preventivos de salud gratuito<\/span><\/p>\n<p style=\"text-align: left;\"><span style=\"font-family: roboto-medium;\">La Cooperativa anualmente permite a sus cooperados y a un<br \/>\nintegrante de su familia tomarse, sin costo para ellos, ex\u00e1menes<br \/>\nm\u00e9dicos preventivos en el Centro Inmunom\u00e9dica, ubicados en la<br \/>\ncomuna de Chill\u00e1n, San Carlos y Bulnes. Estos son: Perfil Bioqu\u00edmico, Perfil<br \/>\nLip\u00eddico, Creatinina , PSA (Ant\u00edgeno Prost\u00e1tico).<\/span><\/p>\n[\/vc_column_text][\/vc_column][\/vc_row][vc_row css=&#8221;.vc_custom_1499379086272{margin-left: 30px !important;border-left-width: 30px !important;padding-left: 30px !important;}&#8221;][vc_column 0=&#8221;&#8221;][vc_column_text 0=&#8221;&#8221;]\n<p style=\"text-align: left;\"><span style=\"font-family: bebas-neu; font-size: 18pt; color: #008000;\"><img loading=\"lazy\" decoding=\"async\" class=\" wp-image-2590 alignleft\" src=\"https:\/\/www.rematescar.cl\/webb\/wp-content\/uploads\/2026\/04\/inmunomedica2-1.jpg\" alt=\"\" width=\"304\" height=\"119\" \/>BENEFICIO DE SALUD AMBULATORIO INMONOMEDICAPLUS+<\/span><\/p>\n<p style=\"text-align: left;\"><span style=\"font-family: roboto-medium;\">Cooperativa fortalece su convenio con Inmunom\u00e9dica, permitiendo que<br \/>\nnuestros cooperados accedan a Inmunom\u00e9dicaPlus, un programa de<br \/>\nbeneficios que ofrece menores costos en atenciones m\u00e9dicas, ex\u00e1menes<br \/>\ny prestaciones de salud en toda la red de centros m\u00e9dicos Inmunom\u00e9dica,<br \/>\nfavoreciendo un acceso m\u00e1s conveniente para el socio y su familia..<\/span><\/p>\n[\/vc_column_text][\/vc_column][\/vc_row][vc_row css=&#8221;.vc_custom_1499379086272{margin-left: 30px !important;border-left-width: 30px !important;padding-left: 30px !important;}&#8221;][vc_column 0=&#8221;&#8221;][vc_column_text 0=&#8221;&#8221;]\n<p style=\"text-align: left;\"><span style=\"font-family: bebas-neu; font-size: 18pt; color: #ff0000;\"><img loading=\"lazy\" decoding=\"async\" class=\"wp-image-2147 size-medium alignleft\" src=\"http:\/\/www.rematescar.cl\/webb\/wp-content\/uploads\/2017\/06\/foto_0000000120171218145656-300x168.jpg\" alt=\"\" width=\"300\" height=\"168\" \/><\/span><\/p>\n<p style=\"text-align: left;\"><span style=\"font-family: bebas-neu; font-size: 18pt; color: #008000;\">Atenci\u00f3n Cardi\u00f3logo<\/span><\/p>\n<p style=\"text-align: left;\"><span style=\"font-family: roboto-medium;\">El Consejo de Administraci\u00f3n mantiene el beneficio<\/span><br \/>\n<span style=\"font-family: roboto-medium;\">relacionado con el \u00e1mbito de la salud, consistente<\/span><br \/>\n<span style=\"font-family: roboto-medium;\">en la toma de un electrocardiograma por un profesional m\u00e9dico de<\/span><br \/>\n<span style=\"font-family: roboto-medium;\">prestigio de la ciudad de Chill\u00e1n, Cardi\u00f3logo, Dr. Juan Garc\u00eda Carrasco,<\/span><br \/>\n<span style=\"font-family: roboto-medium;\">m\u00e1s una consulta m\u00e9dica con el mismo profesional<\/span><\/p>\n[\/vc_column_text][\/vc_column][\/vc_row][vc_row css=&#8221;.vc_custom_1499379103958{margin-left: 30px !important;border-left-width: 30px !important;padding-left: 30px !important;}&#8221;][vc_column width=&#8221;3\/4&#8243;][vc_column_text 0=&#8221;&#8221;]\n<p style=\"text-align: left;\"><span style=\"font-family: bebas-neu; font-size: 18pt; color: #ff0000;\"><img loading=\"lazy\" decoding=\"async\" class=\"wp-image-2148 size-medium alignleft\" src=\"http:\/\/www.rematescar.cl\/webb\/wp-content\/uploads\/2017\/06\/metlife-1-300x211.jpg\" alt=\"\" width=\"300\" height=\"211\" \/><\/span><\/p>\n<p style=\"text-align: left;\"><span style=\"font-family: bebas-neu; font-size: 18pt; color: #008000;\">Seguro de Vida y Accidentes<\/span><\/p>\n<p style=\"text-align: left;\"><span style=\"font-family: roboto-medium;\">La Cooperativa mantiene un convenio con Metlife Seguros de Vida,<\/span><br \/>\n<span style=\"font-family: roboto-medium;\">mediante el cual entrega gratuitamente a sus cooperados un seguro<\/span><br \/>\n<span style=\"font-family: roboto-medium;\">de vida y accidentes personales.<\/span><br \/>\n<span style=\"font-family: roboto-medium;\"><br \/>\n<\/span><\/p>\n[\/vc_column_text][\/vc_column][\/vc_row][vc_row css=&#8221;.vc_custom_1499379115355{margin-left: 30px !important;border-left-width: 30px !important;padding-left: 30px !important;}&#8221;][vc_column 0=&#8221;&#8221;][vc_column_text 0=&#8221;&#8221;]\n<p style=\"text-align: left;\"><span style=\"font-family: bebas-neu; font-size: 18pt; color: #ff0000;\"><img loading=\"lazy\" decoding=\"async\" class=\"wp-image-2022 size-full alignleft\" src=\"http:\/\/www.rematescar.cl\/webb\/wp-content\/uploads\/2021\/08\/CuotaMortuarioa.jpg\" alt=\"\" width=\"300\" height=\"200\" \/><span style=\"color: #008000;\">Cuota Mortuoria<\/span><\/span><\/p>\n<p style=\"text-align: left;\"><span style=\"font-family: roboto-medium;\">La Cooperativa desde el a\u00f1o 2016, realiz\u00f3 aportes<\/span><br \/>\n<span style=\"font-family: roboto-medium;\">econ\u00f3micos a seis familias de socios fallecidos; quienes no estaban<\/span><br \/>\n<span style=\"font-family: roboto-medium;\">cubiertos por el seguro de vida y accidentes personales, porque eran<\/span><br \/>\n<span style=\"font-family: roboto-medium;\">mayores de 70 a\u00f1os, los cuales son financiados con el Fondo Solidario<\/span><br \/>\n<span style=\"font-family: roboto-medium;\">que mantiene la Cooperativa.<\/span><\/p>\n[\/vc_column_text][\/vc_column][\/vc_row][vc_row css=&#8221;.vc_custom_1499379125906{margin-left: 30px !important;border-left-width: 30px !important;padding-left: 30px !important;}&#8221;][vc_column 0=&#8221;&#8221;][\/vc_column][\/vc_row][vc_row css=&#8221;.vc_custom_1499379135750{margin-left: 30px !important;border-left-width: 30px !important;padding-left: 30px !important;}&#8221;][vc_column 0=&#8221;&#8221;][\/vc_column][\/vc_row][vc_row css=&#8221;.vc_custom_1499379146753{margin-left: 30px !important;border-left-width: 30px !important;padding-left: 30px !important;}&#8221;][vc_column 0=&#8221;&#8221;][\/vc_column][\/vc_row][vc_row css=&#8221;.vc_custom_1499379156921{margin-left: 30px !important;border-left-width: 30px !important;padding-left: 30px !important;}&#8221;][vc_column 0=&#8221;&#8221;][vc_column_text 0=&#8221;&#8221;]\n<p style=\"text-align: left;\"><span style=\"font-family: bebas-neu; font-size: 18pt; color: #ff0000;\"><img loading=\"lazy\" decoding=\"async\" class=\"alignleft size-medium wp-image-1378\" src=\"http:\/\/www.rematescar.cl\/webb\/wp-content\/uploads\/2017\/06\/Pag-37-Servicio-M\u00e9dico-Veterinario-1-300x225.jpg\" alt=\"\" width=\"300\" height=\"225\" srcset=\"https:\/\/www.rematescar.cl\/webb\/wp-content\/uploads\/2017\/06\/Pag-37-Servicio-M\u00e9dico-Veterinario-1-300x225.jpg 300w, https:\/\/www.rematescar.cl\/webb\/wp-content\/uploads\/2017\/06\/Pag-37-Servicio-M\u00e9dico-Veterinario-1-768x576.jpg 768w, https:\/\/www.rematescar.cl\/webb\/wp-content\/uploads\/2017\/06\/Pag-37-Servicio-M\u00e9dico-Veterinario-1-750x563.jpg 750w, https:\/\/www.rematescar.cl\/webb\/wp-content\/uploads\/2017\/06\/Pag-37-Servicio-M\u00e9dico-Veterinario-1.jpg 1000w, https:\/\/www.rematescar.cl\/webb\/wp-content\/uploads\/2017\/06\/Pag-37-Servicio-M\u00e9dico-Veterinario-1-300x225@2x.jpg 600w\" sizes=\"(max-width: 300px) 100vw, 300px\" \/><\/span><\/p>\n<p style=\"text-align: left;\"><span style=\"font-family: bebas-neu; font-size: 18pt; color: #008000;\">Servicio M\u00e9dico Veterinario<\/span><\/p>\n<p style=\"text-align: left;\"><span style=\"font-family: roboto-medium;\">La Cooperativa tiene a disposici\u00f3n del cooperado que requiera un m\u00e9dico<\/span><br \/>\n<span style=\"font-family: roboto-medium;\">veterinario para atender emergencias, para ello deben contactarse a las<\/span><br \/>\n<span style=\"font-family: roboto-medium;\">oficinas centrales de CAR, para agendar la visita, sin costo para el socio.<\/span><br \/>\n<span style=\"font-family: roboto-medium;\">Este es un servicio muy valorados por nuestros socios, porque permite<\/span><\/p>\n<p style=\"text-align: left;\"><span style=\"font-family: roboto-medium;\">desparasitaciones y vacunaciones, aplicaci\u00f3n de <\/span><span style=\"font-family: roboto-medium;\">t\u00e9cnicas promotor de <\/span><\/p>\n<p style=\"text-align: left;\"><span style=\"font-family: roboto-medium;\">crecimiento y otras actividades como diagn\u00f3sticos <\/span><span style=\"font-family: roboto-medium;\">de pre\u00f1ez, toma<\/span><\/p>\n<p style=\"text-align: left;\"><span style=\"font-family: roboto-medium;\"> de muestras, castraciones, partos, necropsias, etc.<\/span><\/p>\n[\/vc_column_text][\/vc_column][\/vc_row][vc_row css=&#8221;.vc_custom_1499379168657{margin-left: 30px !important;border-left-width: 30px !important;padding-left: 30px !important;}&#8221;][vc_column 0=&#8221;&#8221;][vc_column_text 0=&#8221;&#8221;]\n<p style=\"text-align: left;\"><span style=\"font-family: bebas-neu; font-size: 18pt; color: #ff0000;\"><img loading=\"lazy\" decoding=\"async\" class=\"wp-image-2023 size-full alignleft\" src=\"http:\/\/www.rematescar.cl\/webb\/wp-content\/uploads\/2021\/08\/SorteoVacas.jpg\" alt=\"\" width=\"300\" height=\"200\" \/><span style=\"color: #008000;\">Sorteo Vacas Paridas<\/span><\/span><\/p>\n<p style=\"text-align: left;\"><span style=\"font-family: roboto-medium;\">Tradicionalmente, todos los a\u00f1os en la Junta General<\/span><br \/>\n<span style=\"font-family: roboto-medium;\">Obligatoria de Socios, el Consejo de Administraci\u00f3n<\/span><br \/>\n<span style=\"font-family: roboto-medium;\">efect\u00faa un sorteo entre los cooperados asistentes y que<\/span><br \/>\n<span style=\"font-family: roboto-medium;\">no han sido favorecidos en ocasiones anteriores. Este a\u00f1o<\/span><br \/>\n<span style=\"font-family: roboto-medium;\">se sortearon 3 vacas paridas, favoreciendo a tres <\/span><span style=\"font-family: roboto-medium;\">cooperados.<\/span><\/p>\n[\/vc_column_text][\/vc_column][\/vc_row][vc_row css=&#8221;.vc_custom_1499379192469{margin-left: 30px !important;border-left-width: 30px !important;padding-left: 30px !important;}&#8221;][vc_column 0=&#8221;&#8221;][vc_column_text 0=&#8221;&#8221;]\n<p style=\"text-align: left;\"><span style=\"font-family: bebas-neu; font-size: 18pt; color: #ff0000;\"><img loading=\"lazy\" decoding=\"async\" class=\"alignleft size-medium wp-image-1382\" src=\"http:\/\/www.rematescar.cl\/webb\/wp-content\/uploads\/2017\/06\/servicios-de-esquila-300x194.png\" alt=\"\" width=\"300\" height=\"194\" \/><\/span><\/p>\n<p>&nbsp;<\/p>\n<p style=\"text-align: left;\"><span style=\"font-family: bebas-neu; font-size: 18pt; color: #008000;\">Servicio de Esquila<\/span><\/p>\n<p style=\"text-align: left;\"><span style=\"font-family: roboto-medium;\">La Cooperativa mantiene un convenio con un m\u00e9dico<\/span><br \/>\n<span style=\"font-family: roboto-medium;\">veterinario de la Provincia de Osorno; el cual, cuenta con<\/span><br \/>\n<span style=\"font-family: roboto-medium;\">un equipo altamente calificado para efectuar labores de<\/span><br \/>\n<span style=\"font-family: roboto-medium;\">esquila. Para utilizar este servicio y resolver consultas,<\/span><br \/>\n<span style=\"font-family: roboto-medium;\">contactarse con nuestras oficinas centrales al fono 42<\/span><br \/>\n<span style=\"font-family: roboto-medium;\">2430142.<\/span><\/p>\n[\/vc_column_text][\/vc_column][\/vc_row][vc_row css=&#8221;.vc_custom_1499379178378{margin-left: 30px !important;border-left-width: 30px !important;padding-left: 30px !important;}&#8221;][vc_column 0=&#8221;&#8221;][vc_column_text 0=&#8221;&#8221;]\n<p style=\"text-align: left;\"><span style=\"font-family: bebas-neu; font-size: 18pt; color: #ff0000;\"><img loading=\"lazy\" decoding=\"async\" class=\"alignleft size-medium wp-image-1385\" src=\"http:\/\/www.rematescar.cl\/webb\/wp-content\/uploads\/2017\/06\/combustible-300x194.png\" alt=\"\" width=\"300\" height=\"194\" \/><span style=\"color: #008000;\">Convenio de Distribuci\u00f3n de Combustible<\/span><\/span><\/p>\n<p style=\"text-align: left;\"><span style=\"font-family: roboto-medium;\">La Cooperativa a trav\u00e9s de su Filial CAR S.A. mantiene<\/span><br \/>\n<span style=\"font-family: roboto-medium;\">un convenio con ENEX; el cual, permite a los cooperados<\/span><br \/>\n<span style=\"font-family: roboto-medium;\">adquirir petr\u00f3leo a un precio inferior al de pizarra y puesto<\/span><br \/>\n<span style=\"font-family: roboto-medium;\">directamente en sus predios.<\/span><\/p>\n[\/vc_column_text][\/vc_column][\/vc_row][vc_row css=&#8221;.vc_custom_1499379263034{margin-bottom: 30px !important;margin-left: 30px !important;border-bottom-width: 30px !important;border-left-width: 30px !important;padding-bottom: 30px !important;padding-left: 30px !important;}&#8221;][vc_column 0=&#8221;&#8221;][vc_column_text 0=&#8221;&#8221;]\n<p style=\"text-align: left;\"><span style=\"font-family: bebas-neu; font-size: 18pt; color: #ff0000;\"><img loading=\"lazy\" decoding=\"async\" class=\"alignleft size-medium wp-image-1383\" src=\"http:\/\/www.rematescar.cl\/webb\/wp-content\/uploads\/2017\/06\/serviteca-300x194.png\" alt=\"\" width=\"300\" height=\"194\" \/><span style=\"color: #008000;\">Convenio con Serviteca Cruz y C\u00eda. Ltda.<\/span><\/span><\/p>\n<p style=\"text-align: left;\"><span style=\"font-family: roboto-medium;\">La Cooperativa cuenta con un convenio con Serviteca<\/span><br \/>\n<span style=\"font-family: roboto-medium;\">Cruz; el cual, permite a nuestros cooperados acceder a<\/span><br \/>\n<span style=\"font-family: roboto-medium;\">descuentos que van desde el 10% al 20% en servicios<\/span><br \/>\n<span style=\"font-family: roboto-medium;\">de alineaci\u00f3n, frenos, cambios de aceite, balanceo,<\/span><br \/>\n<span style=\"font-family: roboto-medium;\">afinamiento y an\u00e1lisis de gases.<\/span><\/p>\n[\/vc_column_text][\/vc_column][\/vc_row]\n","protected":false},"excerpt":{"rendered":"<p>[vc_row css=&#8221;.vc_custom_1499379073932{margin-left: 30px !important;border-left-width: 30px !important;padding-left: 30px !important;}&#8221;][vc_column 0=&#8221;&#8221;][vc_column_text 0=&#8221;&#8221;] &nbsp; Seguro Oncol\u00f3gico para Socios en Fundaci\u00f3n Arturo L\u00f3pez P\u00e9rez La Cooperativa entrega gratuitamente al cooperado y su c\u00f3nyuge el pago de la prima de un seguro oncol\u00f3gico, consistente en la cobertura del 100% del copago no cubierto por el sistema de la salud del [&hellip;]<\/p>\n","protected":false},"author":1,"featured_media":0,"parent":0,"menu_order":0,"comment_status":"closed","ping_status":"closed","template":"","meta":{"footnotes":""},"_links":{"self":[{"href":"https:\/\/www.rematescar.cl\/webb\/wp-json\/wp\/v2\/pages\/1187"}],"collection":[{"href":"https:\/\/www.rematescar.cl\/webb\/wp-json\/wp\/v2\/pages"}],"about":[{"href":"https:\/\/www.rematescar.cl\/webb\/wp-json\/wp\/v2\/types\/page"}],"author":[{"embeddable":true,"href":"https:\/\/www.rematescar.cl\/webb\/wp-json\/wp\/v2\/users\/1"}],"replies":[{"embeddable":true,"href":"https:\/\/www.rematescar.cl\/webb\/wp-json\/wp\/v2\/comments?post=1187"}],"version-history":[{"count":57,"href":"https:\/\/www.rematescar.cl\/webb\/wp-json\/wp\/v2\/pages\/1187\/revisions"}],"predecessor-version":[{"id":2593,"href":"https:\/\/www.rematescar.cl\/webb\/wp-json\/wp\/v2\/pages\/1187\/revisions\/2593"}],"wp:attachment":[{"href":"https:\/\/www.rematescar.cl\/webb\/wp-json\/wp\/v2\/media?parent=1187"}],"curies":[{"name":"wp","href":"https:\/\/api.w.org\/{rel}","templated":true}]}}